{"id":1568,"date":"2025-07-17T15:10:28","date_gmt":"2025-07-17T15:10:28","guid":{"rendered":"http:\/\/martec-industrial.local\/?page_id=1568"},"modified":"2025-07-21T09:48:52","modified_gmt":"2025-07-21T09:48:52","slug":"politica-de-confidentialitate","status":"publish","type":"page","link":"https:\/\/prelucrarimecanice.com.ro\/en\/politica-de-confidentialitate\/","title":{"rendered":"Privacy Policy"},"content":{"rendered":"<div data-elementor-type=\"wp-page\" data-elementor-id=\"1568\" class=\"elementor elementor-1568\">\n\t\t\t\t<div class=\"elementor-element elementor-element-82cb29a e-flex e-con-boxed e-con e-parent\" data-id=\"82cb29a\" data-element_type=\"container\">\n\t\t\t\t\t<div class=\"e-con-inner\">\n\t\t\t\t<div class=\"elementor-element elementor-element-1b360c1 elementor-widget elementor-widget-text-editor\" data-id=\"1b360c1\" data-element_type=\"widget\" data-widget_type=\"text-editor.default\">\n\t\t\t\t<div class=\"elementor-widget-container\">\n\t\t\t\t\t\t\t\t\t<p>Privacy Policy<\/p><p>Protejarea datelor tale este important\u0103 pentru noi. Aceast\u0103 politic\u0103 explic\u0103 ce date colect\u0103m, cum le folosim \u0219i ce drepturi ai.<\/p><p>### What data do we collect:<\/p><p>&#8211; Nume \u0219i prenume (dac\u0103 trimi\u021bi un formular)<br \/>&#8211; Adres\u0103 de email<br \/>&#8211; Adresa IP<br \/>&#8211; Date despre comportamentul pe site (prin Google Analytics, dac\u0103 e activ)<\/p><p>### Cum colect\u0103m datele:<\/p><p>&#8211; Prin formularele de contact<br \/>&#8211; Prin cookie-uri \u0219i instrumente de analiz\u0103 (Google Analytics, dac\u0103 \u00eel folose\u0219ti)<br \/>&#8211; Prin interac\u021biunea ta cu site-ul<\/p><p>### De ce colect\u0103m aceste date:<\/p><p>&#8211; Pentru a r\u0103spunde solicit\u0103rilor tale<br \/>&#8211; Pentru a \u00eembun\u0103t\u0103\u021bi site-ul<br \/>&#8211; Pentru scopuri statistice sau marketing (dac\u0103 e cazul)<\/p><p>### Cu cine partaj\u0103m datele:<\/p><p>&#8211; Nu vindem datele tale.<br \/>&#8211; Folosim furnizori de servicii ca Google, Facebook sau Mailchimp (dac\u0103 e cazul), care pot procesa date \u00een UE sau SUA.<\/p><p>### Ce drepturi ai:<\/p><p>&#8211; Dreptul de acces la datele tale<br \/>&#8211; Dreptul de a le corecta sau \u0219terge<br \/>&#8211; Dreptul de a te opune prelucr\u0103rii<\/p><p>### Contact<\/p><p>Pentru orice \u00eentreb\u0103ri legate de datele tale, ne po\u021bi contacta .<\/p><p>Ultima actualizare: Iulie 2025<\/p>\t\t\t\t\t\t\t\t<\/div>\n\t\t\t\t<\/div>\n\t\t\t\t\t<\/div>\n\t\t\t\t<\/div>\n\t\t\t\t<\/div>","protected":false},"excerpt":{"rendered":"<p>## Politica de Confiden\u021bialitate Protejarea datelor tale este important\u0103 pentru noi. Aceast\u0103 politic\u0103 explic\u0103 ce date colect\u0103m, cum le folosim \u0219i ce drepturi ai. ### Ce date colect\u0103m: &#8211; Nume \u0219i prenume (dac\u0103 trimi\u021bi un formular)&#8211; Adres\u0103 de email&#8211; Adresa IP&#8211; Date despre comportamentul pe site (prin Google Analytics, dac\u0103 e activ) ### Cum colect\u0103m [&hellip;]<\/p>\n","protected":false},"author":1,"featured_media":0,"parent":0,"menu_order":0,"comment_status":"closed","ping_status":"closed","template":"","meta":{"site-sidebar-layout":"no-sidebar","site-content-layout":"page-builder","ast-site-content-layout":"full-width-container","site-content-style":"unboxed","site-sidebar-style":"unboxed","ast-global-header-display":"","ast-banner-title-visibility":"","ast-main-header-display":"","ast-hfb-above-header-display":"","ast-hfb-below-header-display":"","ast-hfb-mobile-header-display":"","site-post-title":"disabled","ast-breadcrumbs-content":"","ast-featured-img":"disabled","footer-sml-layout":"","theme-transparent-header-meta":"","adv-header-id-meta":"","stick-header-meta":"","header-above-stick-meta":"","header-main-stick-meta":"","header-below-stick-meta":"","astra-migrate-meta-layouts":"set","ast-page-background-enabled":"default","ast-page-background-meta":{"desktop":{"background-color":"","background-image":"","background-repeat":"repeat","background-position":"center center","background-size":"auto","background-attachment":"scroll","background-type":"","background-media":"","overlay-type":"","overlay-color":"","overlay-opacity":"","overlay-gradient":""},"tablet":{"background-color":"","background-image":"","background-repeat":"repeat","background-position":"center center","background-size":"auto","background-attachment":"scroll","background-type":"","background-media":"","overlay-type":"","overlay-color":"","overlay-opacity":"","overlay-gradient":""},"mobile":{"background-color":"","background-image":"","background-repeat":"repeat","background-position":"center center","background-size":"auto","background-attachment":"scroll","background-type":"","background-media":"","overlay-type":"","overlay-color":"","overlay-opacity":"","overlay-gradient":""}},"ast-content-background-meta":{"desktop":{"background-color":"var(--ast-global-color-5)","background-image":"","background-repeat":"repeat","background-position":"center center","background-size":"auto","background-attachment":"scroll","background-type":"","background-media":"","overlay-type":"","overlay-color":"","overlay-opacity":"","overlay-gradient":""},"tablet":{"background-color":"var(--ast-global-color-5)","background-image":"","background-repeat":"repeat","background-position":"center center","background-size":"auto","background-attachment":"scroll","background-type":"","background-media":"","overlay-type":"","overlay-color":"","overlay-opacity":"","overlay-gradient":""},"mobile":{"background-color":"var(--ast-global-color-5)","background-image":"","background-repeat":"repeat","background-position":"center center","background-size":"auto","background-attachment":"scroll","background-type":"","background-media":"","overlay-type":"","overlay-color":"","overlay-opacity":"","overlay-gradient":""}},"footnotes":""},"class_list":["post-1568","page","type-page","status-publish","hentry"],"_links":{"self":[{"href":"https:\/\/prelucrarimecanice.com.ro\/en\/wp-json\/wp\/v2\/pages\/1568","targetHints":{"allow":["GET"]}}],"collection":[{"href":"https:\/\/prelucrarimecanice.com.ro\/en\/wp-json\/wp\/v2\/pages"}],"about":[{"href":"https:\/\/prelucrarimecanice.com.ro\/en\/wp-json\/wp\/v2\/types\/page"}],"author":[{"embeddable":true,"href":"https:\/\/prelucrarimecanice.com.ro\/en\/wp-json\/wp\/v2\/users\/1"}],"replies":[{"embeddable":true,"href":"https:\/\/prelucrarimecanice.com.ro\/en\/wp-json\/wp\/v2\/comments?post=1568"}],"version-history":[{"count":8,"href":"https:\/\/prelucrarimecanice.com.ro\/en\/wp-json\/wp\/v2\/pages\/1568\/revisions"}],"predecessor-version":[{"id":1580,"href":"https:\/\/prelucrarimecanice.com.ro\/en\/wp-json\/wp\/v2\/pages\/1568\/revisions\/1580"}],"wp:attachment":[{"href":"https:\/\/prelucrarimecanice.com.ro\/en\/wp-json\/wp\/v2\/media?parent=1568"}],"curies":[{"name":"wp","href":"https:\/\/api.w.org\/{rel}","templated":true}]}}